{"id":837,"date":"2024-04-09T19:20:05","date_gmt":"2024-04-09T19:20:05","guid":{"rendered":"https:\/\/matrixit.sk\/?page_id=837"},"modified":"2024-04-09T19:33:33","modified_gmt":"2024-04-09T19:33:33","slug":"udrzba","status":"publish","type":"page","link":"https:\/\/matrixit.sk\/","title":{"rendered":"\u00dadr\u017eba"},"content":{"rendered":"\t\t<div data-elementor-type=\"wp-page\" data-elementor-id=\"837\" class=\"elementor elementor-837\" data-elementor-post-type=\"page\">\n\t\t\t\t\t\t\t<div class=\"elementor-element elementor-element-c1201c1 e-flex e-con-boxed e-con\" data-id=\"c1201c1\" data-element_type=\"container\" data-settings=\"{&quot;background_background&quot;:&quot;video&quot;,&quot;background_video_link&quot;:&quot;https:\\\/\\\/www.youtube.com\\\/watch?v=xXDsDuNkm2o&amp;ab_channel=Wishan&quot;,&quot;background_video_start&quot;:10,&quot;background_video_end&quot;:30,&quot;shape_divider_bottom&quot;:&quot;mountains&quot;,&quot;content_width&quot;:&quot;boxed&quot;}\">\n\t\t\t\t\t<div class=\"e-con-inner\">\n\t\t<div class=\"elementor-background-video-container elementor-hidden-phone\">\n\t\t\t\t\t\t\t<div class=\"elementor-background-video-embed\"><\/div>\n\t\t\t\t\t\t<\/div>\t\t<div class=\"elementor-shape elementor-shape-bottom\" data-negative=\"false\">\n\t\t\t<svg xmlns=\"http:\/\/www.w3.org\/2000\/svg\" viewBox=\"0 0 1000 100\" preserveAspectRatio=\"none\">\n\t<path class=\"elementor-shape-fill\" opacity=\"0.33\" d=\"M473,67.3c-203.9,88.3-263.1-34-320.3,0C66,119.1,0,59.7,0,59.7V0h1000v59.7 c0,0-62.1,26.1-94.9,29.3c-32.8,3.3-62.8-12.3-75.8-22.1C806,49.6,745.3,8.7,694.9,4.7S492.4,59,473,67.3z\"\/>\n\t<path class=\"elementor-shape-fill\" opacity=\"0.66\" d=\"M734,67.3c-45.5,0-77.2-23.2-129.1-39.1c-28.6-8.7-150.3-10.1-254,39.1 s-91.7-34.4-149.2,0C115.7,118.3,0,39.8,0,39.8V0h1000v36.5c0,0-28.2-18.5-92.1-18.5C810.2,18.1,775.7,67.3,734,67.3z\"\/>\n\t<path class=\"elementor-shape-fill\" d=\"M766.1,28.9c-200-57.5-266,65.5-395.1,19.5C242,1.8,242,5.4,184.8,20.6C128,35.8,132.3,44.9,89.9,52.5C28.6,63.7,0,0,0,0 h1000c0,0-9.9,40.9-83.6,48.1S829.6,47,766.1,28.9z\"\/>\n<\/svg>\t\t<\/div>\n\t\t\t\t<div class=\"elementor-element elementor-element-6ce85bf elementor-widget elementor-widget-image\" data-id=\"6ce85bf\" data-element_type=\"widget\" data-widget_type=\"image.default\">\n\t\t\t\t<div class=\"elementor-widget-container\">\n\t\t\t<style>\/*! elementor - v3.15.0 - 09-08-2023 *\/\n.elementor-widget-image{text-align:center}.elementor-widget-image a{display:inline-block}.elementor-widget-image a img[src$=\".svg\"]{width:48px}.elementor-widget-image img{vertical-align:middle;display:inline-block}<\/style>\t\t\t\t\t\t\t\t\t\t\t\t<img loading=\"lazy\" decoding=\"async\" width=\"300\" height=\"101\" src=\"https:\/\/matrixit.sk\/wp-content\/uploads\/2023\/08\/matrix_logoLight-300x101.png\" class=\"attachment-medium size-medium wp-image-132\" alt=\"\" srcset=\"https:\/\/matrixit.sk\/wp-content\/uploads\/2023\/08\/matrix_logoLight-300x101.png 300w, https:\/\/matrixit.sk\/wp-content\/uploads\/2023\/08\/matrix_logoLight-1024x345.png 1024w, https:\/\/matrixit.sk\/wp-content\/uploads\/2023\/08\/matrix_logoLight-768x258.png 768w, https:\/\/matrixit.sk\/wp-content\/uploads\/2023\/08\/matrix_logoLight-1536x517.png 1536w, https:\/\/matrixit.sk\/wp-content\/uploads\/2023\/08\/matrix_logoLight.png 1741w\" sizes=\"auto, (max-width: 300px) 100vw, 300px\" \/>\t\t\t\t\t\t\t\t\t\t\t\t\t\t\t<\/div>\n\t\t\t\t<\/div>\n\t\t\t\t<div class=\"elementor-element elementor-element-9922ebe elementor-widget elementor-widget-image\" data-id=\"9922ebe\" data-element_type=\"widget\" data-widget_type=\"image.default\">\n\t\t\t\t<div class=\"elementor-widget-container\">\n\t\t\t\t\t\t\t\t\t\t\t\t\t\t\t<img loading=\"lazy\" decoding=\"async\" width=\"239\" height=\"300\" src=\"https:\/\/matrixit.sk\/wp-content\/uploads\/2023\/08\/preco_si_si_stiahol_tento_obrazok-239x300.png\" class=\"attachment-medium size-medium wp-image-180\" alt=\"\" srcset=\"https:\/\/matrixit.sk\/wp-content\/uploads\/2023\/08\/preco_si_si_stiahol_tento_obrazok-239x300.png 239w, https:\/\/matrixit.sk\/wp-content\/uploads\/2023\/08\/preco_si_si_stiahol_tento_obrazok-815x1024.png 815w, https:\/\/matrixit.sk\/wp-content\/uploads\/2023\/08\/preco_si_si_stiahol_tento_obrazok-768x965.png 768w, https:\/\/matrixit.sk\/wp-content\/uploads\/2023\/08\/preco_si_si_stiahol_tento_obrazok-1223x1536.png 1223w, https:\/\/matrixit.sk\/wp-content\/uploads\/2023\/08\/preco_si_si_stiahol_tento_obrazok-1630x2048.png 1630w, https:\/\/matrixit.sk\/wp-content\/uploads\/2023\/08\/preco_si_si_stiahol_tento_obrazok.png 1678w\" sizes=\"auto, (max-width: 239px) 100vw, 239px\" \/>\t\t\t\t\t\t\t\t\t\t\t\t\t\t\t<\/div>\n\t\t\t\t<\/div>\n\t\t\t\t<div class=\"elementor-element elementor-element-85fda9f elementor-widget elementor-widget-heading\" data-id=\"85fda9f\" data-element_type=\"widget\" data-widget_type=\"heading.default\">\n\t\t\t\t<div class=\"elementor-widget-container\">\n\t\t\t<style>\/*! elementor - v3.15.0 - 09-08-2023 *\/\n.elementor-heading-title{padding:0;margin:0;line-height:1}.elementor-widget-heading .elementor-heading-title[class*=elementor-size-]>a{color:inherit;font-size:inherit;line-height:inherit}.elementor-widget-heading .elementor-heading-title.elementor-size-small{font-size:15px}.elementor-widget-heading .elementor-heading-title.elementor-size-medium{font-size:19px}.elementor-widget-heading .elementor-heading-title.elementor-size-large{font-size:29px}.elementor-widget-heading .elementor-heading-title.elementor-size-xl{font-size:39px}.elementor-widget-heading .elementor-heading-title.elementor-size-xxl{font-size:59px}<\/style><h1 class=\"elementor-heading-title elementor-size-default\">Na novej str\u00e1nke sa pracuje.<\/h1>\t\t<\/div>\n\t\t\t\t<\/div>\n\t\t\t\t<div class=\"elementor-element elementor-element-e5cb614 elementor-widget elementor-widget-text-editor\" data-id=\"e5cb614\" data-element_type=\"widget\" data-widget_type=\"text-editor.default\">\n\t\t\t\t<div class=\"elementor-widget-container\">\n\t\t\t<style>\/*! elementor - v3.15.0 - 09-08-2023 *\/\n.elementor-widget-text-editor.elementor-drop-cap-view-stacked .elementor-drop-cap{background-color:#69727d;color:#fff}.elementor-widget-text-editor.elementor-drop-cap-view-framed .elementor-drop-cap{color:#69727d;border:3px solid;background-color:transparent}.elementor-widget-text-editor:not(.elementor-drop-cap-view-default) .elementor-drop-cap{margin-top:8px}.elementor-widget-text-editor:not(.elementor-drop-cap-view-default) .elementor-drop-cap-letter{width:1em;height:1em}.elementor-widget-text-editor .elementor-drop-cap{float:left;text-align:center;line-height:1;font-size:50px}.elementor-widget-text-editor .elementor-drop-cap-letter{display:inline-block}<\/style>\t\t\t\t<p>Kv\u00f4li zv\u00fd\u0161en\u00e9mu po\u010dtu objedn\u00e1vok a r\u00f4znym typom v\u00fdvoja softv\u00e9ru a hardv\u00e9ru sme sa rozhodli prerobi\u0165 n\u00e1\u0161 web a aj na\u0161e portf\u00f3lio slu\u017eieb. V pr\u00edpade ot\u00e1zok n\u00e1s nev\u00e1hajte kontaktova\u0165 emailom na adam.valiska@ongym.sk.<\/p>\t\t\t\t\t\t<\/div>\n\t\t\t\t<\/div>\n\t\t\t\t<div class=\"elementor-element elementor-element-2d4a9ac elementor-countdown--label-inline elementor-widget elementor-widget-countdown\" data-id=\"2d4a9ac\" data-element_type=\"widget\" data-widget_type=\"countdown.default\">\n\t\t\t\t<div class=\"elementor-widget-container\">\n\t\t\t<style>\/*! elementor-pro - v3.15.0 - 31-07-2023 *\/\n.elementor-widget-countdown .elementor-countdown-expire--message{display:none;padding:20px;text-align:center}.elementor-widget-countdown .elementor-countdown-wrapper{flex-direction:row}.elementor-widget-countdown .elementor-countdown-item{padding:20px 0;text-align:center;color:#fff}.elementor-widget-countdown .elementor-countdown-digits,.elementor-widget-countdown .elementor-countdown-label{line-height:1}.elementor-widget-countdown .elementor-countdown-digits{font-size:69px}.elementor-widget-countdown .elementor-countdown-label{font-size:19px}.elementor-widget-countdown.elementor-countdown--label-block .elementor-countdown-wrapper{display:flex;justify-content:center;margin-right:auto;margin-left:auto}.elementor-widget-countdown.elementor-countdown--label-block .elementor-countdown-digits,.elementor-widget-countdown.elementor-countdown--label-block .elementor-countdown-label{display:block}.elementor-widget-countdown.elementor-countdown--label-block .elementor-countdown-item{flex-basis:0;flex-grow:1}.elementor-widget-countdown.elementor-countdown--label-inline{text-align:center}.elementor-widget-countdown.elementor-countdown--label-inline .elementor-countdown-item{display:inline-block;padding-left:5px;padding-right:5px}<\/style>\t\t<div class=\"elementor-countdown-wrapper\" data-date=\"1714481940\">\n\t\t\t<div class=\"elementor-countdown-item\"><span class=\"elementor-countdown-digits elementor-countdown-days\"><\/span> <span class=\"elementor-countdown-label\">Dn\u00ed<\/span><\/div><div class=\"elementor-countdown-item\"><span class=\"elementor-countdown-digits elementor-countdown-hours\"><\/span> <span class=\"elementor-countdown-label\">Hod\u00edn<\/span><\/div><div class=\"elementor-countdown-item\"><span class=\"elementor-countdown-digits elementor-countdown-minutes\"><\/span> <span class=\"elementor-countdown-label\">Min\u00fat<\/span><\/div><div class=\"elementor-countdown-item\"><span class=\"elementor-countdown-digits elementor-countdown-seconds\"><\/span> <span class=\"elementor-countdown-label\">Sek\u00fand<\/span><\/div>\t\t<\/div>\n\t\t\t\t<\/div>\n\t\t\t\t<\/div>\n\t\t\t\t\t<\/div>\n\t\t\t\t<\/div>\n\t\t\t\t\t\t\t<\/div>\n\t\t","protected":false},"excerpt":{"rendered":"<p>Na novej str\u00e1nke sa pracuje. Kv\u00f4li zv\u00fd\u0161en\u00e9mu po\u010dtu objedn\u00e1vok a r\u00f4znym typom v\u00fdvoja softv\u00e9ru a hardv\u00e9ru sme sa rozhodli prerobi\u0165 n\u00e1\u0161 web a aj na\u0161e portf\u00f3lio slu\u017eieb. V pr\u00edpade ot\u00e1zok n\u00e1s nev\u00e1hajte kontaktova\u0165 emailom na adam.valiska@ongym.sk. Dn\u00ed Hod\u00edn Min\u00fat Sek\u00fand<\/p>\n","protected":false},"author":1,"featured_media":0,"parent":0,"menu_order":0,"comment_status":"closed","ping_status":"closed","template":"elementor_canvas","meta":{"footnotes":""},"class_list":["post-837","page","type-page","status-publish","hentry"],"_links":{"self":[{"href":"https:\/\/matrixit.sk\/index.php\/wp-json\/wp\/v2\/pages\/837","targetHints":{"allow":["GET"]}}],"collection":[{"href":"https:\/\/matrixit.sk\/index.php\/wp-json\/wp\/v2\/pages"}],"about":[{"href":"https:\/\/matrixit.sk\/index.php\/wp-json\/wp\/v2\/types\/page"}],"author":[{"embeddable":true,"href":"https:\/\/matrixit.sk\/index.php\/wp-json\/wp\/v2\/users\/1"}],"replies":[{"embeddable":true,"href":"https:\/\/matrixit.sk\/index.php\/wp-json\/wp\/v2\/comments?post=837"}],"version-history":[{"count":8,"href":"https:\/\/matrixit.sk\/index.php\/wp-json\/wp\/v2\/pages\/837\/revisions"}],"predecessor-version":[{"id":848,"href":"https:\/\/matrixit.sk\/index.php\/wp-json\/wp\/v2\/pages\/837\/revisions\/848"}],"wp:attachment":[{"href":"https:\/\/matrixit.sk\/index.php\/wp-json\/wp\/v2\/media?parent=837"}],"curies":[{"name":"wp","href":"https:\/\/api.w.org\/{rel}","templated":true}]}}